{"id":4574,"date":"2021-04-05T22:05:24","date_gmt":"2021-04-05T22:05:24","guid":{"rendered":"https:\/\/q-life.com.pl\/?page_id=4574"},"modified":"2022-06-07T10:42:57","modified_gmt":"2022-06-07T10:42:57","slug":"zahlungen","status":"publish","type":"page","link":"https:\/\/q-life.com.pl\/de\/zahlungen\/","title":{"rendered":"Zahlungen"},"content":{"rendered":"<p style=\"text-align: center;\">In unserem Shop k\u00f6nnen Sie folgende Zahlungsarten nutzen:<\/p>\n<p style=\"text-align: center;\"><strong>Schnelle ONLINE-Zahlung<\/strong> <img decoding=\"async\" class=\"alignnone wp-image-14246 lazyload\" data-src=\"https:\/\/q-life.com.pl\/wp-content\/uploads\/2022\/06\/logo_paynow_mass_rgb-01-scaled.jpg\" alt=\"\" width=\"150\" height=\"48\" data-srcset=\"https:\/\/q-life.com.pl\/wp-content\/uploads\/2022\/06\/logo_paynow_mass_rgb-01-scaled.jpg 2560w, https:\/\/q-life.com.pl\/wp-content\/uploads\/2022\/06\/logo_paynow_mass_rgb-01-300x96.jpg 300w, https:\/\/q-life.com.pl\/wp-content\/uploads\/2022\/06\/logo_paynow_mass_rgb-01-1024x326.jpg 1024w, https:\/\/q-life.com.pl\/wp-content\/uploads\/2022\/06\/logo_paynow_mass_rgb-01-768x245.jpg 768w, https:\/\/q-life.com.pl\/wp-content\/uploads\/2022\/06\/logo_paynow_mass_rgb-01-1536x490.jpg 1536w, https:\/\/q-life.com.pl\/wp-content\/uploads\/2022\/06\/logo_paynow_mass_rgb-01-2048x653.jpg 2048w, https:\/\/q-life.com.pl\/wp-content\/uploads\/2022\/06\/logo_paynow_mass_rgb-01-600x191.jpg 600w, https:\/\/q-life.com.pl\/wp-content\/uploads\/2022\/06\/logo_paynow_mass_rgb-01-64x20.jpg 64w\" data-sizes=\"(max-width: 150px) 100vw, 150px\" src=\"data:image\/svg+xml;base64,PHN2ZyB3aWR0aD0iMSIgaGVpZ2h0PSIxIiB4bWxucz0iaHR0cDovL3d3dy53My5vcmcvMjAwMC9zdmciPjwvc3ZnPg==\" style=\"--smush-placeholder-width: 150px; --smush-placeholder-aspect-ratio: 150\/48;\" \/><\/p>\n<p style=\"text-align: center;\">Dank des PAYNOW-Systems k\u00f6nnen sichere Online-Zahlungen per Schnell\u00fcberweisung durchgef\u00fchrt werden. Wenn Sie eine Zahlung \u00fcber PAYNOW Quick Payments vornehmen, \u00e4ndert Ihre Bestellung sofort den Status auf \u201ebezahlt\u201c und wird bearbeitet.<\/p>\n<p style=\"text-align: center;\"><strong>Zahlung mit dem BLIK-System <img decoding=\"async\" class=\"alignnone wp-image-14243 lazyload\" data-src=\"https:\/\/q-life.com.pl\/wp-content\/uploads\/2022\/06\/blik-logo.png\" alt=\"\" width=\"150\" height=\"79\" data-srcset=\"https:\/\/q-life.com.pl\/wp-content\/uploads\/2022\/06\/blik-logo.png 300w, https:\/\/q-life.com.pl\/wp-content\/uploads\/2022\/06\/blik-logo-64x34.png 64w\" data-sizes=\"(max-width: 150px) 100vw, 150px\" src=\"data:image\/svg+xml;base64,PHN2ZyB3aWR0aD0iMSIgaGVpZ2h0PSIxIiB4bWxucz0iaHR0cDovL3d3dy53My5vcmcvMjAwMC9zdmciPjwvc3ZnPg==\" style=\"--smush-placeholder-width: 150px; --smush-placeholder-aspect-ratio: 150\/79;\" \/><\/strong><\/p>\n<p style=\"text-align: center;\">Damit k\u00f6nnen Smartphone-Nutzer in unserem Gesch\u00e4ft bargeldlos bezahlen. Es funktioniert \u00e4hnlich wie das schnelle Internet-Zahlungssystem, nachdem die Bestellung \u00fcber das BLIK-System bezahlt wurde, \u00e4ndert die Bestellung sofort ihren Status auf \u201ebezahlt\u201c und wird bearbeitet.<\/p>\n<p style=\"text-align: center;\"><strong>Zahlung per Kreditkarte<\/strong> <img decoding=\"async\" class=\"alignnone wp-image-14240 lazyload\" data-src=\"https:\/\/q-life.com.pl\/wp-content\/uploads\/2022\/06\/visa-mastercard-maestro.jpg\" alt=\"\" width=\"280\" height=\"65\" data-srcset=\"https:\/\/q-life.com.pl\/wp-content\/uploads\/2022\/06\/visa-mastercard-maestro.jpg 820w, https:\/\/q-life.com.pl\/wp-content\/uploads\/2022\/06\/visa-mastercard-maestro-300x69.jpg 300w, https:\/\/q-life.com.pl\/wp-content\/uploads\/2022\/06\/visa-mastercard-maestro-768x177.jpg 768w, https:\/\/q-life.com.pl\/wp-content\/uploads\/2022\/06\/visa-mastercard-maestro-600x138.jpg 600w, https:\/\/q-life.com.pl\/wp-content\/uploads\/2022\/06\/visa-mastercard-maestro-64x15.jpg 64w\" data-sizes=\"(max-width: 280px) 100vw, 280px\" src=\"data:image\/svg+xml;base64,PHN2ZyB3aWR0aD0iMSIgaGVpZ2h0PSIxIiB4bWxucz0iaHR0cDovL3d3dy53My5vcmcvMjAwMC9zdmciPjwvc3ZnPg==\" style=\"--smush-placeholder-width: 280px; --smush-placeholder-aspect-ratio: 280\/65;\" \/><\/p>\n<p style=\"text-align: center;\">Zahlung mit VISA-, Mastercard- und Maestro-Zahlungskarten. Die Zahlung erfolgt sofort, wodurch die Bestellung schnell bearbeitet werden kann. Das Unternehmen, das Online-Zahlungsdienste im Bereich Kartenzahlungen anbietet, ist Blue Media S.A.<\/p>\n<p style=\"text-align: center;\"><strong>Traditionelle \u00dcbertragung<\/strong><\/p>\n<p style=\"text-align: center;\">Wenn Sie eine traditionelle \u00dcberweisung verwenden, werden wir Ihre Bestellung vorbereiten und versenden, sobald unser System den Zahlungseingang best\u00e4tigt, normalerweise am Tag nach Ihrer Bestellung.<br \/>\nDetails zur \u00dcbertragung:<br \/>\nDouble One Sp. z o.o., 10Plac Inwalid\u00f3w St., 01-552 Warschau<br \/>\nKonto-Nr. PLN: 87 1140 2004 00003502 8084 4592<\/p>\n<div style=\"text-align: center;\">Euro-Konto:<\/div>\n<div style=\"text-align: center;\">Nr.: 72 1140 2004 0000 3112 1240 6577<\/div>\n<div style=\"text-align: center;\">IBAN: PL72 1140 2004 0000 3112 1240 6577<\/div>\n<div style=\"text-align: center;\">BIC\/SWIFT: BREXPLPWMBK<\/div>\n<div style=\"text-align: center;\"><\/div>\n<div style=\"text-align: center;\">USD-Konto:<\/div>\n<div style=\"text-align: center;\">Nummer: 67 1140 2004 0000 3312 1240 6569<\/div>\n<div style=\"text-align: center;\">IBAN: PL1140 2004 0000 3312 1240 6569<\/div>\n<div style=\"text-align: center;\">BIC\/SWIFT: BREXPLPWMBK<\/div>\n<div><\/div>\n<div><\/div>\n<p style=\"text-align: center;\"><strong>Nachnahme:<\/strong>.<br \/>\nWenn Sie die Zahlungsart Nachnahme w\u00e4hlen, bezahlen Sie die bestellte Ware an den Kurier in bar oder per Karte bei Lieferung. Wenn Sie eine Bestellung mit dieser Option aufgeben, denken Sie bitte daran, dass Sie den Betrag am Tag der Lieferung in bar bezahlen m\u00f6chten.<\/p>\n<p style=\"text-align: center;\"><strong>PayPal Zahlung:<\/strong> <img decoding=\"async\" class=\"alignnone wp-image-4188 size-medium lazyload\" data-src=\"https:\/\/q-life.com.pl\/wp-content\/uploads\/2021\/03\/paypal-ikona-300x169.jpg\" alt=\"\" width=\"300\" height=\"169\" data-srcset=\"https:\/\/q-life.com.pl\/wp-content\/uploads\/2021\/03\/paypal-ikona-300x169.jpg 300w, https:\/\/q-life.com.pl\/wp-content\/uploads\/2021\/03\/paypal-ikona-64x36.jpg 64w, https:\/\/q-life.com.pl\/wp-content\/uploads\/2021\/03\/paypal-ikona.jpg 568w\" data-sizes=\"(max-width: 300px) 100vw, 300px\" src=\"data:image\/svg+xml;base64,PHN2ZyB3aWR0aD0iMSIgaGVpZ2h0PSIxIiB4bWxucz0iaHR0cDovL3d3dy53My5vcmcvMjAwMC9zdmciPjwvc3ZnPg==\" style=\"--smush-placeholder-width: 300px; --smush-placeholder-aspect-ratio: 300\/169;\" \/><br \/>\nIn unserem Shop gibt es eine M\u00f6glichkeit der schnellen PayPal-Zahlungen, so dass, wenn Sie ein solches Konto haben und solche Methode der Zahlung ist h\u00e4ufig von Ihnen verwendet, k\u00f6nnen Sie es auch in unserem Shop verwenden.<\/p>\n","protected":false},"excerpt":{"rendered":"<p>In unserem Shop k\u00f6nnen Sie folgende Zahlungsarten nutzen: Schnelle ONLINE-Zahlung Dank des PAYNOW-Systems k\u00f6nnen sichere Online-Zahlungen per Schnell\u00fcberweisung durchgef\u00fchrt werden. Wenn Sie eine Zahlung \u00fcber PAYNOW Quick Payments vornehmen, \u00e4ndert Ihre Bestellung sofort den Status auf \u201ebezahlt\u201c und wird bearbeitet. Zahlung mit dem BLIK-System Damit k\u00f6nnen Smartphone-Nutzer in unserem Gesch\u00e4ft bargeldlos bezahlen. Es funktioniert \u00e4hnlich &hellip; <\/p>\n<p class=\"link-more\"><a href=\"https:\/\/q-life.com.pl\/de\/zahlungen\/\" class=\"more-link\">Continue reading<span class=\"screen-reader-text\"> &#8222;Zahlungen&#8220;<\/span><\/a><\/p>\n","protected":false},"author":1,"featured_media":0,"parent":0,"menu_order":0,"comment_status":"closed","ping_status":"closed","template":"","meta":{"_acf_changed":false,"footnotes":""},"class_list":["post-4574","page","type-page","status-publish","hentry"],"acf":[],"_links":{"self":[{"href":"https:\/\/q-life.com.pl\/de\/wp-json\/wp\/v2\/pages\/4574","targetHints":{"allow":["GET"]}}],"collection":[{"href":"https:\/\/q-life.com.pl\/de\/wp-json\/wp\/v2\/pages"}],"about":[{"href":"https:\/\/q-life.com.pl\/de\/wp-json\/wp\/v2\/types\/page"}],"author":[{"embeddable":true,"href":"https:\/\/q-life.com.pl\/de\/wp-json\/wp\/v2\/users\/1"}],"replies":[{"embeddable":true,"href":"https:\/\/q-life.com.pl\/de\/wp-json\/wp\/v2\/comments?post=4574"}],"version-history":[{"count":0,"href":"https:\/\/q-life.com.pl\/de\/wp-json\/wp\/v2\/pages\/4574\/revisions"}],"wp:attachment":[{"href":"https:\/\/q-life.com.pl\/de\/wp-json\/wp\/v2\/media?parent=4574"}],"curies":[{"name":"wp","href":"https:\/\/api.w.org\/{rel}","templated":true}]}}