{"id":4569,"date":"2021-04-05T22:01:41","date_gmt":"2021-04-05T22:01:41","guid":{"rendered":"https:\/\/q-life.com.pl\/?page_id=4569"},"modified":"2021-04-05T22:01:41","modified_gmt":"2021-04-05T22:01:41","slug":"datenschutzrichtlinie","status":"publish","type":"page","link":"https:\/\/q-life.com.pl\/de\/datenschutzrichtlinie\/","title":{"rendered":"Datenschutzrichtlinie"},"content":{"rendered":"<h2>1. Allgemeine Informationen<\/h2>\n<p>Diese Richtlinie gilt f\u00fcr die Website, die unter der Url: q-life.com.pl<br \/>\nDer Betreiber des Dienstes und Administrator der pers\u00f6nlichen Daten ist: DOUBLE ONE Sp. z o.o. Warschau 44a Wolska Stra\u00dfe, 01-187 Warschau<br \/>\nKontakt-E-Mail-Adresse des Betreibers: kontakt@q-life.com.pl<br \/>\nDer Betreiber ist der Verwalter Ihrer pers\u00f6nlichen Daten in Bezug auf die Daten, die Sie freiwillig auf der Website angeben.<br \/>\nDie Website nutzt Ihre personenbezogenen Daten f\u00fcr die folgenden Zwecke:<br \/>\nDurchf\u00fchren des Newsletters<br \/>\nBetrieb eines Kommentarsystems<br \/>\nF\u00fchren von Gespr\u00e4chen in einem Online-Chat<br \/>\nPr\u00e4sentieren von Benutzerprofilen f\u00fcr andere Benutzer<br \/>\nBehandlung von Anfragen \u00fcber das Formular<br \/>\nVorbereitung, Verpackung, Versand von Waren<br \/>\nImplementierung der bestellten Dienste<br \/>\nPr\u00e4sentation von Angeboten oder Informationen<br \/>\nDie Website f\u00fchrt Funktionen zur Gewinnung von Informationen \u00fcber Benutzer und deren Verhalten auf folgende Weise aus:<br \/>\nDurch freiwillige Angaben in den Formularen, die in die Systeme des Betreibers eingegeben werden.<br \/>\nDurch die Speicherung von Cookies (sog. &#8222;Kekse&#8220;) auf den Endger\u00e4ten.<\/p>\n<h2>2. Ausgew\u00e4hlte Datenschutzmethoden des Betreibers<\/h2>\n<p>Das Einloggen und die Eingabe pers\u00f6nlicher Daten ist in der \u00dcbertragungsschicht gesch\u00fctzt (SSL-Zertifikat). Dadurch wird sichergestellt, dass die auf der Website eingegebenen pers\u00f6nlichen Daten und Anmeldedaten auf dem Computer des Benutzers verschl\u00fcsselt werden und nur auf dem Zielserver gelesen werden k\u00f6nnen.<\/p>\n<h2>3. Hosting<\/h2>\n<p>Die Website wird auf dem Server des Betreibers, einer anderen Firma, gehostet (technisch gewartet).<\/p>\n<h2>4. Ihre Rechte und zus\u00e4tzliche Informationen \u00fcber die Verwendung der Daten<\/h2>\n<p>In bestimmten Situationen hat der Verwalter das Recht, Ihre personenbezogenen Daten an andere Empf\u00e4nger zu \u00fcbermitteln, wenn dies f\u00fcr die Erf\u00fcllung eines mit Ihnen abgeschlossenen Vertrages oder f\u00fcr die Erf\u00fcllung der dem Verwalter obliegenden Verpflichtungen erforderlich ist. Dies gilt f\u00fcr solche Gruppen von Empf\u00e4ngern:<br \/>\nHosting-Unternehmen auf Basis von Betrauung<br \/>\nKuriere<br \/>\nPostunternehmen<br \/>\nAnwaltskanzleien und Inkassob\u00fcros<br \/>\nZahlungsdienstleister<br \/>\nAnbieter von Kommentarsystemen<br \/>\nAnbieter von Online-Chat-L\u00f6sungen<br \/>\nautorisierte Mitarbeiter und Mitarbeiter, die die Daten zur Erf\u00fcllung des Zwecks der Website verwenden<br \/>\nUnternehmen, die Marketing-Dienstleistungen f\u00fcr den Administrator erbringen<br \/>\nIhre personenbezogenen Daten werden vom Verwalter nicht l\u00e4nger verarbeitet, als es f\u00fcr die Durchf\u00fchrung der in gesonderten Vorschriften festgelegten damit zusammenh\u00e4ngenden T\u00e4tigkeiten (z.B. zur Abrechnung) erforderlich ist. In Bezug auf Marketingdaten werden die Daten nicht l\u00e4nger als 3 Jahre lang verarbeitet.<br \/>\nSie haben das Recht, vom Administrator zu verlangen<br \/>\nZugang zu den Sie betreffenden personenbezogenen Daten,<br \/>\nlassen Sie diese beheben,<br \/>\nl\u00f6schen,<br \/>\nEinschr\u00e4nkung der Verarbeitung,<br \/>\nund zur Datenportabilit\u00e4t.<br \/>\nSie haben das Recht, hinsichtlich der unter Punkt 3.3 c) genannten Verarbeitung Widerspruch gegen die Verarbeitung Ihrer personenbezogenen Daten zum Zwecke der Wahrnehmung eines vom Administrator verfolgten berechtigten Interesses, einschlie\u00dflich Profiling, einzulegen, wobei das Widerspruchsrecht nicht ausge\u00fcbt werden kann, wenn f\u00fcr die Verarbeitung berechtigte Gr\u00fcnde vorliegen, die Ihre Interessen, Rechte und Freiheiten \u00fcberwiegen, insbesondere die Feststellung, Geltendmachung oder Verteidigung von Anspr\u00fcchen.<br \/>\n\u00dcber die Handlungen des Administrators kann man sich beim Pr\u00e4sidenten des Amtes f\u00fcr den Schutz personenbezogener Daten, Stawki-Stra\u00dfe 2, 00-193 Warschau, beschweren.<br \/>\nDie Angabe von personenbezogenen Daten ist freiwillig, aber f\u00fcr den Betrieb des Dienstes notwendig.<br \/>\nIn Bezug auf Sie k\u00f6nnen Ma\u00dfnahmen ergriffen werden, die eine automatisierte Entscheidungsfindung beinhalten, einschlie\u00dflich Profiling, um Dienstleistungen im Rahmen des abgeschlossenen Vertrags zu erbringen und damit der Administrator Direktmarketing betreiben kann.<br \/>\nPersonenbezogene Daten werden nicht aus Drittstaaten im Sinne der Datenschutzbestimmungen \u00fcbermittelt. Das bedeutet, dass wir sie nicht au\u00dferhalb der Europ\u00e4ischen Union versenden.<\/p>\n<h2>5. Informationen in Formularen<\/h2>\n<p>Die Website sammelt Informationen, die vom Benutzer freiwillig zur Verf\u00fcgung gestellt werden, einschlie\u00dflich personenbezogener Daten, falls diese zur Verf\u00fcgung gestellt werden.<br \/>\nDie Seite kann Informationen \u00fcber Verbindungsparameter (Zeitstempel, IP-Adresse) speichern.<br \/>\nDer Dienst kann in einigen F\u00e4llen Informationen aufzeichnen, um die Verkn\u00fcpfung der Daten im Formular mit der E-Mail-Adresse des Benutzers, der das Formular ausf\u00fcllt, zu erleichtern. In einem solchen Fall muss die E-Mail-Adresse des Benutzers innerhalb der URL der Seite erscheinen, die das Formular enth\u00e4lt.<br \/>\nDie durch das Formular zur Verf\u00fcgung gestellten Daten werden zu dem Zweck verarbeitet, der sich aus der Funktion des jeweiligen Formulars ergibt, z.B. zur Durchf\u00fchrung des Prozesses der Serviceanfrage oder des Gesch\u00e4ftskontakts, der Serviceregistrierung, etc. Jedes Mal, wenn der Kontext und die Beschreibung des Formulars auf klare Weise dar\u00fcber informieren, wof\u00fcr es verwendet wird. 6.<\/p>\n<h2>6. Protokolle des Administrators<\/h2>\n<p>Informationen \u00fcber das Verhalten der Benutzer im Dienst k\u00f6nnen einer Protokollierung unterliegen. Diese Daten werden zur Verwaltung des Dienstes verwendet.<\/p>\n<h2>7. Wichtige Marketingtechniken<\/h2>\n<p>Der Betreiber nutzt die statistische Auswertung des Seitenverkehrs \u00fcber Google Analytics (Google Inc., Sitz in den USA). Der Betreiber \u00fcbermittelt keine personenbezogenen Daten an den Betreiber dieses Dienstes, sondern nur anonymisierte Informationen. Der Dienst basiert auf der Verwendung von Cookies auf dem Endger\u00e4t des Nutzers. Was die vom Google-Werbenetzwerk gesammelten Informationen \u00fcber die Pr\u00e4ferenzen des Nutzers betrifft, so kann der Nutzer die aus den Cookies resultierenden Informationen mit dem folgenden Tool einsehen und bearbeiten: https:\/\/www.google.com\/ads\/preferences\/.<br \/>\nDer Betreiber verwendet Remarketing-Techniken, die die Anpassung von Werbebotschaften an das Verhalten des Nutzers auf der Website erm\u00f6glichen, was den Anschein erwecken kann, dass die personenbezogenen Daten des Nutzers f\u00fcr das Tracking verwendet werden, aber in der Praxis werden keine personenbezogenen Daten vom Betreiber an die Werbebetreiber \u00fcbertragen. Eine technische Voraussetzung daf\u00fcr ist, dass Cookies aktiviert sind.<br \/>\nDer Betreiber verwendet das Facebook-Pixel. Durch diese Technologie wird sichergestellt, dass Facebook (Facebook Inc., USA) wei\u00df, dass eine bei ihr registrierte Person die Website nutzt. Der Betreiber \u00fcbermittelt keine weiteren personenbezogenen Daten an Facebook. Der Dienst basiert auf der Verwendung von Cookies auf dem Endger\u00e4t des Nutzers.<br \/>\nDer Betreiber verwendet eine L\u00f6sung, die das Verhalten der Nutzer durch die Erstellung von Heatmaps und die Aufzeichnung des Verhaltens auf der Website untersucht. Diese Informationen werden anonymisiert, bevor sie an den Betreiber des Dienstes gesendet werden, so dass der Betreiber nicht wei\u00df, auf welche nat\u00fcrliche Person sie sich beziehen. Insbesondere werden getippte Passw\u00f6rter und andere pers\u00f6nliche Daten nicht aufgezeichnet.<br \/>\nDer Betreiber verwendet eine L\u00f6sung, die den Betrieb der Website in Bezug auf die Benutzer automatisiert, z.B. kann er dem Benutzer eine E-Mail schicken, nachdem er eine bestimmte Unterseite besucht hat, vorausgesetzt, dass er zugestimmt hat, kommerzielle Korrespondenz vom Betreiber zu erhalten.<\/p>\n<h2>8. Informationen zu Cookies<\/h2>\n<p>Die Website verwendet Cookies.<br \/>\nCookies sind Computerdaten, insbesondere Textdateien, die auf dem Endger\u00e4t des Website-Nutzers gespeichert werden und f\u00fcr die Nutzung der Website bestimmt sind. Cookies enthalten in der Regel den Namen der Website, von der sie stammen, den Zeitpunkt der Speicherung auf dem Endger\u00e4t und eine eindeutige Nummer.<br \/>\nDer Betreiber der Website ist derjenige, der Cookies auf dem Endger\u00e4t des Website-Benutzers platziert und auf diese zugreift.<br \/>\nCookies werden f\u00fcr die folgenden Zwecke verwendet:<br \/>\nAufrechterhaltung einer Service-Benutzer-Sitzung (nach der Anmeldung), so dass ein Benutzer nicht auf jeder Seite der Website erneut Login und Passwort eingeben muss;<br \/>\nzu den oben unter &#8222;Wichtige Marketingtechniken&#8220; genannten Zwecken;<br \/>\nEs gibt zwei Haupttypen von Cookies, die auf der Website verwendet werden: &#8222;Sitzung&#8220; (Session-Cookies) und &#8222;persistente&#8220; Cookies (dauerhafte Cookies). Session&#8220;-Cookies sind tempor\u00e4re Dateien, die auf dem Endger\u00e4t des Nutzers gespeichert werden, bis er sich abmeldet, die Website verl\u00e4sst oder die Software (Webbrowser) ausschaltet. &#8222;Permanente&#8220; Cookies werden auf dem Endger\u00e4t des Nutzers f\u00fcr die in den Parametern der Cookies angegebene Zeit oder bis zu ihrer L\u00f6schung durch den Nutzer gespeichert.<br \/>\nWeb-Browsing-Software (Internet-Browser) erlaubt es in der Regel standardm\u00e4\u00dfig, Cookies auf dem Endger\u00e4t des Benutzers zu speichern. Die Nutzer der Website k\u00f6nnen ihre diesbez\u00fcglichen Einstellungen \u00e4ndern. Der Internet-Browser erlaubt es, Cookies zu l\u00f6schen. Es ist auch m\u00f6glich, Cookies automatisch zu blockieren. Detaillierte Informationen zu diesem Thema finden Sie in der Hilfe oder Dokumentation eines Webbrowsers.<br \/>\nEinschr\u00e4nkungen bei der Verwendung von Cookies k\u00f6nnen einige der auf der Website verf\u00fcgbaren Funktionen beeintr\u00e4chtigen.<br \/>\nDie auf dem Endger\u00e4t des Servicenutzers platzierten Cookies k\u00f6nnen auch von Subjekten verwendet werden, die mit dem Servicebetreiber zusammenarbeiten, insbesondere handelt es sich um Unternehmen: Google (Google Inc. mit Sitz in den USA), Facebook (Facebook Inc. mit Sitz in den USA), Twitter (Twitter Inc. mit Sitz in den USA).<\/p>\n<h2>9. Verwaltung von Cookies &#8211; wie wird die Zustimmung in der Praxis erteilt und zur\u00fcckgezogen?<\/h2>\n<p>Wenn Sie keine Cookies erhalten m\u00f6chten, k\u00f6nnen Sie Ihre Browsereinstellungen \u00e4ndern. Wir weisen darauf hin, dass die Deaktivierung von Cookies, die f\u00fcr Authentifizierungsprozesse, Sicherheit und die Beibehaltung von Benutzerpr\u00e4ferenzen notwendig sind, die Nutzung von Websites behindern und im Extremfall unm\u00f6glich machen kann<br \/>\nUm Cookies zu verwalten, w\u00e4hlen Sie den von Ihnen verwendeten Webbrowser aus der Liste unten aus und folgen Sie den Anweisungen:<br \/>\nKante<br \/>\nInternet Explorer<br \/>\nChrom<br \/>\nSafari<br \/>\nFirefox<br \/>\nOper<\/p>\n<p>Mobile Ger\u00e4te:<br \/>\nAndroid<br \/>\nSafari (iOS)<br \/>\nWindows Phone<\/p>\n<p>Diese Richtlinienvorlage wurde kostenlos zu Informationszwecken erstellt und basiert auf unserem Wissen, den Branchenpraktiken und den zum 14.08.2018 geltenden Gesetzen. Wir empfehlen Ihnen, die Richtlinienvorlage zu \u00fcberpr\u00fcfen, bevor Sie sie auf Ihrer Website verwenden. Die Vorlage basiert auf den am h\u00e4ufigsten vorkommenden Situationen auf Websites, spiegelt aber m\u00f6glicherweise nicht die vollst\u00e4ndigen und genauen Besonderheiten Ihrer Website wider. Bitte lesen Sie das erstellte Dokument sorgf\u00e4ltig durch und passen Sie es ggf. an Ihre Situation an oder lassen Sie sich rechtlich beraten. Wir \u00fcbernehmen keine Verantwortung f\u00fcr die Folgen der Verwendung dieses Dokuments, da nur Sie sicherstellen k\u00f6nnen, dass alle darin enthaltenen Informationen korrekt sind. Bitte beachten Sie auch, dass diese Datenschutzrichtlinie, selbst die beste unserer Richtlinien, nur ein Element Ihrer Verpflichtung zum Schutz der pers\u00f6nlichen Daten und der Privatsph\u00e4re des Website-Benutzers ist.<\/p>\n","protected":false},"excerpt":{"rendered":"<p>1. Allgemeine Informationen Diese Richtlinie gilt f\u00fcr die Website, die unter der Url: q-life.com.pl Der Betreiber des Dienstes und Administrator der pers\u00f6nlichen Daten ist: DOUBLE ONE Sp. z o.o. Warschau 44a Wolska Stra\u00dfe, 01-187 Warschau Kontakt-E-Mail-Adresse des Betreibers: kontakt@q-life.com.pl Der Betreiber ist der Verwalter Ihrer pers\u00f6nlichen Daten in Bezug auf die Daten, die Sie freiwillig &hellip; <\/p>\n<p class=\"link-more\"><a href=\"https:\/\/q-life.com.pl\/de\/datenschutzrichtlinie\/\" class=\"more-link\">Continue reading<span class=\"screen-reader-text\"> &#8222;Datenschutzrichtlinie&#8220;<\/span><\/a><\/p>\n","protected":false},"author":1,"featured_media":0,"parent":0,"menu_order":0,"comment_status":"closed","ping_status":"closed","template":"","meta":{"_acf_changed":false,"footnotes":""},"class_list":["post-4569","page","type-page","status-publish","hentry"],"acf":[],"_links":{"self":[{"href":"https:\/\/q-life.com.pl\/de\/wp-json\/wp\/v2\/pages\/4569","targetHints":{"allow":["GET"]}}],"collection":[{"href":"https:\/\/q-life.com.pl\/de\/wp-json\/wp\/v2\/pages"}],"about":[{"href":"https:\/\/q-life.com.pl\/de\/wp-json\/wp\/v2\/types\/page"}],"author":[{"embeddable":true,"href":"https:\/\/q-life.com.pl\/de\/wp-json\/wp\/v2\/users\/1"}],"replies":[{"embeddable":true,"href":"https:\/\/q-life.com.pl\/de\/wp-json\/wp\/v2\/comments?post=4569"}],"version-history":[{"count":0,"href":"https:\/\/q-life.com.pl\/de\/wp-json\/wp\/v2\/pages\/4569\/revisions"}],"wp:attachment":[{"href":"https:\/\/q-life.com.pl\/de\/wp-json\/wp\/v2\/media?parent=4569"}],"curies":[{"name":"wp","href":"https:\/\/api.w.org\/{rel}","templated":true}]}}